{"id":9,"date":"2020-11-26T17:58:44","date_gmt":"2020-11-26T16:58:44","guid":{"rendered":"http:\/\/memos.tech\/?page_id=9"},"modified":"2020-11-27T16:20:24","modified_gmt":"2020-11-27T15:20:24","slug":"contact","status":"publish","type":"page","link":"https:\/\/memos.tech\/?page_id=9","title":{"rendered":"Contact"},"content":{"rendered":"\n<p>Pour me contacter rien de plus simple. Vous avez plus bas 2 icones de liens. L&rsquo;un vers ma page Facebook pour me contacter via Messenger, l&rsquo;autre (la petite enveloppe) par email.<\/p>\n\n\n\n<p>Et si vous pr\u00e9f\u00e9rez un contact t\u00e9l\u00e9phonique directement : c&rsquo;est le 06 09 33 07 12.<br><em>(de pr\u00e9f\u00e9rence aux heures d&rsquo;ouverture de bureau svp)<\/em><\/p>\n","protected":false},"excerpt":{"rendered":"<p>Pour me contacter rien de plus simple. Vous avez plus bas 2 icones de liens. L&rsquo;un vers ma page Facebook pour me contacter via Messenger, l&rsquo;autre (la petite enveloppe) par email. Et si vous pr\u00e9f\u00e9rez un contact t\u00e9l\u00e9phonique directement : c&rsquo;est le 06 09 33 07 12.(de pr\u00e9f\u00e9rence aux heures d&rsquo;ouverture de bureau svp)<\/p>\n","protected":false},"author":1,"featured_media":0,"parent":0,"menu_order":0,"comment_status":"closed","ping_status":"closed","template":"","meta":[],"_links":{"self":[{"href":"https:\/\/memos.tech\/index.php?rest_route=\/wp\/v2\/pages\/9"}],"collection":[{"href":"https:\/\/memos.tech\/index.php?rest_route=\/wp\/v2\/pages"}],"about":[{"href":"https:\/\/memos.tech\/index.php?rest_route=\/wp\/v2\/types\/page"}],"author":[{"embeddable":true,"href":"https:\/\/memos.tech\/index.php?rest_route=\/wp\/v2\/users\/1"}],"replies":[{"embeddable":true,"href":"https:\/\/memos.tech\/index.php?rest_route=%2Fwp%2Fv2%2Fcomments&post=9"}],"version-history":[{"count":2,"href":"https:\/\/memos.tech\/index.php?rest_route=\/wp\/v2\/pages\/9\/revisions"}],"predecessor-version":[{"id":69,"href":"https:\/\/memos.tech\/index.php?rest_route=\/wp\/v2\/pages\/9\/revisions\/69"}],"wp:attachment":[{"href":"https:\/\/memos.tech\/index.php?rest_route=%2Fwp%2Fv2%2Fmedia&parent=9"}],"curies":[{"name":"wp","href":"https:\/\/api.w.org\/{rel}","templated":true}]}}