{"id":7,"date":"2020-11-26T17:58:44","date_gmt":"2020-11-26T16:58:44","guid":{"rendered":"http:\/\/memos.tech\/?page_id=7"},"modified":"2020-11-27T16:14:21","modified_gmt":"2020-11-27T15:14:21","slug":"accueil","status":"publish","type":"page","link":"https:\/\/memos.tech\/","title":{"rendered":"Bien Venus"},"content":{"rendered":"\n<p>Si vous \u00eates ici, ce n&rsquo;est pas par hasard. Mais si c&rsquo;est le cas vous pouvez rester quand m\u00eame&#8230;<br>Curieux de ce qu&rsquo;est le travail d&rsquo;un r\u00e9dacteur, r\u00e9dacteur-web, professionnel de l&rsquo;\u00e9crit ou simple visiteur de passage, lecteur attentif du blog ou victime d&rsquo;une erreur de clic  : vous \u00eates tous les bienvenus ici.<br>Souhaiter la bienvenue n&rsquo;est jamais facile quand on parle de web et de site internet, donc le plus simple est de le dire simplement : <strong>BIENVENUE<\/strong>!<\/p>\n","protected":false},"excerpt":{"rendered":"<p>Si vous \u00eates ici, ce n&rsquo;est pas par hasard. Mais si c&rsquo;est le cas vous pouvez rester quand m\u00eame&#8230;Curieux de ce qu&rsquo;est le travail d&rsquo;un r\u00e9dacteur, r\u00e9dacteur-web, professionnel de l&rsquo;\u00e9crit ou simple visiteur de passage, lecteur attentif du blog ou victime d&rsquo;une erreur de clic : vous \u00eates tous les bienvenus ici.Souhaiter la bienvenue n&rsquo;est &hellip; <\/p>\n<p class=\"link-more\"><a href=\"https:\/\/memos.tech\/\" class=\"more-link\">Continuer la lecture<span class=\"screen-reader-text\"> de &laquo;&nbsp;Bien Venus&nbsp;&raquo;<\/span><\/a><\/p>\n","protected":false},"author":1,"featured_media":0,"parent":0,"menu_order":0,"comment_status":"closed","ping_status":"closed","template":"","meta":[],"_links":{"self":[{"href":"https:\/\/memos.tech\/index.php?rest_route=\/wp\/v2\/pages\/7"}],"collection":[{"href":"https:\/\/memos.tech\/index.php?rest_route=\/wp\/v2\/pages"}],"about":[{"href":"https:\/\/memos.tech\/index.php?rest_route=\/wp\/v2\/types\/page"}],"author":[{"embeddable":true,"href":"https:\/\/memos.tech\/index.php?rest_route=\/wp\/v2\/users\/1"}],"replies":[{"embeddable":true,"href":"https:\/\/memos.tech\/index.php?rest_route=%2Fwp%2Fv2%2Fcomments&post=7"}],"version-history":[{"count":2,"href":"https:\/\/memos.tech\/index.php?rest_route=\/wp\/v2\/pages\/7\/revisions"}],"predecessor-version":[{"id":68,"href":"https:\/\/memos.tech\/index.php?rest_route=\/wp\/v2\/pages\/7\/revisions\/68"}],"wp:attachment":[{"href":"https:\/\/memos.tech\/index.php?rest_route=%2Fwp%2Fv2%2Fmedia&parent=7"}],"curies":[{"name":"wp","href":"https:\/\/api.w.org\/{rel}","templated":true}]}}